{"id":101,"date":"2026-01-19T12:58:35","date_gmt":"2026-01-19T12:58:35","guid":{"rendered":"https:\/\/nifty-aryabhata.5-250-184-183.plesk.page\/?page_id=101"},"modified":"2026-03-12T10:13:49","modified_gmt":"2026-03-12T10:13:49","slug":"contacto","status":"publish","type":"page","link":"https:\/\/nifty-aryabhata.5-250-184-183.plesk.page\/index.php\/contacto\/","title":{"rendered":"Contacto"},"content":{"rendered":"<section class=\"l-section wpb_row us_custom_8d45c27c height_medium\"><div class=\"l-section-h i-cf\"><div class=\"g-cols vc_row via_grid cols_1 laptops-cols_inherit tablets-cols_inherit mobiles-cols_1 valign_top type_default stacking_default\"><div class=\"wpb_column vc_column_container\"><div class=\"vc_column-inner\"><div class=\"w-separator size_huge\"><\/div>[vc_custom_heading text=\u00bbPREGUNTANOS LO QUE QUIERAS, ESTAMOS DESEANDO RESOLVER CUALQUIER DUDA QUE TENGAS.\u00bb font_container=\u00bbtag:h2|text_align:center\u00bb use_theme_fonts=\u00bbyes\u00bb]<\/div><\/div><\/div><\/div><\/section><section class=\"l-section wpb_row us_custom_8d45c27c height_medium width_full\"><div class=\"l-section-h i-cf\"><div class=\"g-cols vc_row via_grid cols_1 laptops-cols_inherit tablets-cols_inherit mobiles-cols_1 valign_middle type_default stacking_default\"><div class=\"wpb_column vc_column_container\"><div class=\"vc_column-inner\"><div class=\"w-separator size_huge\"><\/div><div class=\"g-cols wpb_row us_custom_8d45c27c via_grid cols_2 laptops-cols_inherit tablets-cols_inherit mobiles-cols_1 valign_middle type_default stacking_default\" style=\"--columns-gap:0rem;\"><div class=\"wpb_column vc_column_container us_custom_97ba93c5\"><div class=\"vc_column-inner\"><div class=\"w-separator size_small\"><\/div><div class=\"w-iconbox iconpos_top style_circle color_custom align_center\"><div class=\"w-iconbox-icon\" style=\"font-size:2rem;--icon-color:#000000;\"><i class=\"fas fa-map\"><\/i><\/div><div class=\"w-iconbox-meta\"><h4 class=\"w-iconbox-title\">Direcci\u00f3n<\/h4><div class=\"w-iconbox-text\"><p class=\"font_8\"><span>C\/ Cuevas Norte, 48<\/span><\/p>\n<p class=\"font_8\">Hond\u00f3n de las Nieves<\/p>\n<p class=\"font_8\">03688 \u00b7 Alicante \u00b7 Espa\u00f1a<\/p>\n<\/div><\/div><\/div><div class=\"w-separator size_small\"><\/div><div class=\"w-iconbox iconpos_top style_default color_custom align_center\"><div class=\"w-iconbox-icon\" style=\"font-size:2rem;--icon-color:#000000;\"><i class=\"fas fa-phone\"><\/i><\/div><div class=\"w-iconbox-meta\"><h4 class=\"w-iconbox-title\">Info y Reservas<\/h4><div class=\"w-iconbox-text\"><p class=\"font_8\"><span>965 426 626<\/span><\/p>\n<p class=\"font_8\"><span>722 588 075<\/span><\/p>\n<\/div><\/div><\/div><div class=\"w-separator size_small\"><\/div><div class=\"w-iconbox iconpos_top style_default color_custom align_center\"><div class=\"w-iconbox-icon\" style=\"font-size:2rem;--icon-color:#000000;\"><i class=\"fas fa-envelope\"><\/i><\/div><div class=\"w-iconbox-meta\"><h4 class=\"w-iconbox-title\">Email<\/h4><div class=\"w-iconbox-text\"><p><span><a>hola@lacuevadebaco.com<\/a><\/span><\/p>\n<\/div><\/div><\/div><div class=\"w-separator size_small\"><\/div><div class=\"w-iconbox iconpos_top style_default color_custom align_center\"><div class=\"w-iconbox-icon\" style=\"font-size:2rem;--icon-color:#000000;\"><i class=\"fas fa-thumbs-up\"><\/i><\/div><div class=\"w-iconbox-meta\"><h4 class=\"w-iconbox-title\">Social Media<\/h4><div class=\"w-iconbox-text\"><p><span><a>@lacuevadebaco_<\/a><\/span><\/p>\n<\/div><\/div><\/div><div class=\"w-separator size_small\"><\/div><\/div><\/div><div class=\"wpb_column vc_column_container us_custom_db63416e\"><div class=\"vc_column-inner\"><div class=\"w-separator size_huge\"><\/div><form class=\"w-form  us-field-style_1 layout_ver show_message_after_sending for_cform us_form_1\" action=\"https:\/\/nifty-aryabhata.5-250-184-183.plesk.page\/index.php\/wp-json\/wp\/v2\/pages\/101\" method=\"post\"><div class=\"w-form-h\"><div class=\"w-form-row for_text required cols_2\">\r\n\t\t<div class=\"w-form-row-field\">\r\n\t\t\t\t\t\t<input aria-label=\"Nombre\" type=\"text\" name=\"us_form_1_text_1\" value placeholder=\"Nombre *\" data-required=\"true\" aria-required=\"true\"\/>\r\n\t\t\t<\/div>\r\n\t\t<div class=\"w-form-row-state\">Rellena este campo<\/div>\r\n<\/div>\r\n<div class=\"w-form-row for_text cols_2\">\r\n\t\t<div class=\"w-form-row-field\">\r\n\t\t\t\t\t\t<input aria-label=\"Apellidos\" type=\"text\" name=\"us_form_1_text_2\" value placeholder=\"Apellidos\"\/>\r\n\t\t\t<\/div>\r\n\t\t<div class=\"w-form-row-state\">Rellena este campo<\/div>\r\n<\/div>\r\n<div class=\"w-form-row for_email\">\r\n\t\t<div class=\"w-form-row-field\">\r\n\t\t\t\t\t\t<input aria-label=\"Correo Electr\u00f3nico\" type=\"email\" name=\"us_form_1_email_1\" value placeholder=\"Correo Electr\u00f3nico\"\/>\r\n\t\t\t<\/div>\r\n\t\t<div class=\"w-form-row-state\">Por favor, introduce una direcci\u00f3n de correo electr\u00f3nico v\u00e1lida.<\/div>\r\n<\/div>\r\n<div class=\"w-form-row for_text required\">\r\n\t\t<div class=\"w-form-row-field\">\r\n\t\t\t\t\t\t<input aria-label=\"Tel\u00e9fono\" inputmode=\"numeric\" type=\"text\" name=\"us_form_1_text_3\" value placeholder=\"Tel\u00e9fono *\" data-required=\"true\" aria-required=\"true\"\/>\r\n\t\t\t<\/div>\r\n\t\t<div class=\"w-form-row-state\">Rellena este campo<\/div>\r\n<\/div>\r\n<div class=\"w-form-row for_textarea required\">\r\n\t\t<div class=\"w-form-row-field\">\r\n\t\t\t\t\t\t<textarea aria-label=\"Su Mensaje\" name=\"us_form_1_textarea_1\" placeholder=\"Su Mensaje *\" data-required=\"true\" aria-required=\"true\"><\/textarea>\r\n\t\t\t<\/div>\r\n\t\t<div class=\"w-form-row-state\">Rellena este campo<\/div>\r\n<\/div>\r\n<input type=\"hidden\" name=\"action\" value=\"us_ajax_cform\" \/>\r\n<input type=\"hidden\" name=\"post_id\" value=\"0\" \/>\r\n<input type=\"hidden\" name=\"form_index\" value=\"1\" \/>\r\n<div class=\"w-form-row for_submit align_right\">\r\n\t<button class=\"w-btn  us-btn-style_3\" aria-label=\"Enviar\" type=\"submit\">\r\n\t\t<span class=\"g-preloader type_1\"><\/span>\r\n\t\t\t\t<span class=\"w-btn-label\">Enviar<\/span>\r\n\t\t\t<\/button>\r\n\t<\/div>\r\n<\/div><div class=\"w-form-message\"><\/div><div class=\"w-form-json hidden\" onclick='return {&quot;ajaxurl&quot;:&quot;https:\\\/\\\/nifty-aryabhata.5-250-184-183.plesk.page\\\/wp-admin\\\/admin-ajax.php&quot;,&quot;messages&quot;:{&quot;err_empty&quot;:&quot;Rellena este campo&quot;,&quot;err_size&quot;:&quot;El tama\\u00f1o del archivo no puede exceder %s MB&quot;,&quot;err_extension&quot;:&quot;El tipo de archivo %s no est\\u00e1 permitido&quot;,&quot;err_recaptcha_keys&quot;:&quot;Las claves de reCAPTCHA son incorrectas&quot;}}'><\/div><\/form><div class=\"w-separator size_huge\"><\/div><\/div><\/div><\/div><\/div><\/div><\/div><\/div><\/section><section class=\"l-section wpb_row us_custom_8d45c27c height_medium width_full\"><div class=\"l-section-h i-cf\"><div class=\"g-cols vc_row via_grid cols_1 laptops-cols_inherit tablets-cols_inherit mobiles-cols_1 valign_top type_default stacking_default\"><div class=\"wpb_column vc_column_container\"><div class=\"vc_column-inner\"><div class=\"w-map provider_osm\" id=\"us_map_1\"><div class=\"w-map-inner\"><div class=\"w-map-json\" onclick='return {&quot;address&quot;:&quot;Calle Cuevas Norte, 48, 03688 Hond\\u00f3n de las Nieves, Alicante, Espa\\u00f1a&quot;,&quot;disableDragging&quot;:0,&quot;disableZoom&quot;:0,&quot;hideControls&quot;:0,&quot;zoom&quot;:14,&quot;markers&quot;:[{&quot;address&quot;:&quot;Calle Cuevas Norte, 48, 03688 Hond\\u00f3n de las Nieves, Alicante, Espa\\u00f1a&quot;,&quot;html&quot;:&quot;&lt;h6&gt;La Cueva de Baco Wines&lt;\\\/h6&gt;&lt;p&gt;Enoturismo en Hond\\u00f3n de las Nieves&lt;\\\/p&gt;&quot;,&quot;infowindow&quot;:0}],&quot;style&quot;:&quot;https:\\\/\\\/{s}.tile.openstreetmap.org\\\/{z}\\\/{x}\\\/{y}.png&quot;}'><\/div><\/div><\/div><\/div><\/div><\/div><\/div><\/section>\n","protected":false},"excerpt":{"rendered":"[vc_custom_heading text=\"PREGUNTANOS LO QUE QUIERAS, ESTAMOS DESEANDO RESOLVER CUALQUIER DUDA QUE TENGAS.\" font_container=\"tag:h2|text_align:center\" use_theme_fonts=\"yes\"]Direcci\u00f3nC\/ Cuevas Norte, 48 Hond\u00f3n de las Nieves 03688 \u00b7 Alicante \u00b7 Espa\u00f1a Info y Reservas965 426 626 722 588 075 Emailhola@lacuevadebaco.com Social Media@lacuevadebaco_ Rellena este campo Rellena este campo Por favor, introduce una direcci\u00f3n de correo electr\u00f3nico v\u00e1lida. Rellena este campo...","protected":false},"author":1,"featured_media":0,"parent":0,"menu_order":0,"comment_status":"closed","ping_status":"closed","template":"","meta":{"footnotes":""},"class_list":["post-101","page","type-page","status-publish","hentry"],"_links":{"self":[{"href":"https:\/\/nifty-aryabhata.5-250-184-183.plesk.page\/index.php\/wp-json\/wp\/v2\/pages\/101","targetHints":{"allow":["GET"]}}],"collection":[{"href":"https:\/\/nifty-aryabhata.5-250-184-183.plesk.page\/index.php\/wp-json\/wp\/v2\/pages"}],"about":[{"href":"https:\/\/nifty-aryabhata.5-250-184-183.plesk.page\/index.php\/wp-json\/wp\/v2\/types\/page"}],"author":[{"embeddable":true,"href":"https:\/\/nifty-aryabhata.5-250-184-183.plesk.page\/index.php\/wp-json\/wp\/v2\/users\/1"}],"replies":[{"embeddable":true,"href":"https:\/\/nifty-aryabhata.5-250-184-183.plesk.page\/index.php\/wp-json\/wp\/v2\/comments?post=101"}],"version-history":[{"count":57,"href":"https:\/\/nifty-aryabhata.5-250-184-183.plesk.page\/index.php\/wp-json\/wp\/v2\/pages\/101\/revisions"}],"predecessor-version":[{"id":410,"href":"https:\/\/nifty-aryabhata.5-250-184-183.plesk.page\/index.php\/wp-json\/wp\/v2\/pages\/101\/revisions\/410"}],"wp:attachment":[{"href":"https:\/\/nifty-aryabhata.5-250-184-183.plesk.page\/index.php\/wp-json\/wp\/v2\/media?parent=101"}],"curies":[{"name":"wp","href":"https:\/\/api.w.org\/{rel}","templated":true}]}}