{"id":99,"date":"2026-01-19T12:58:24","date_gmt":"2026-01-19T12:58:24","guid":{"rendered":"https:\/\/nifty-aryabhata.5-250-184-183.plesk.page\/?page_id=99"},"modified":"2026-03-12T09:43:46","modified_gmt":"2026-03-12T09:43:46","slug":"reservas","status":"publish","type":"page","link":"https:\/\/nifty-aryabhata.5-250-184-183.plesk.page\/index.php\/reservas\/","title":{"rendered":"Reservas"},"content":{"rendered":"<section class=\"l-section wpb_row height_medium\"><div class=\"l-section-h i-cf\"><div class=\"g-cols vc_row via_grid cols_1 laptops-cols_inherit tablets-cols_inherit mobiles-cols_1 valign_top type_default stacking_default\"><div class=\"wpb_column vc_column_container\"><div class=\"vc_column-inner\"><div class=\"w-grid us_product_list type_grid layout_shop_modern cols_3 overflow_hidden preload_style_spinner\" id=\"us_product_list_yf34\" style=\"--columns:3;--gap:1.5rem;\"><style>@media (max-width:1024px){#us_product_list_yf34{--columns:2!important}}@media (max-width:600px){#us_product_list_yf34{--columns:1!important}}.layout_shop_modern .w-grid-item-h{background:var(--color-content-bg);color:var(--color-content-text);border-radius:0.3rem;box-shadow:0 0.03rem 0.06rem rgba(0,0,0,0.1),0 0.1rem 0.3rem rgba(0,0,0,0.1);transition-duration:0.3s}.no-touch .layout_shop_modern .w-grid-item-h:hover{box-shadow:0 0.1rem 0.2rem rgba(0,0,0,0.1),0 0.33rem 1rem rgba(0,0,0,0.15);z-index:4}.layout_shop_modern .usg_vwrapper_1{transition-duration:0.2s;transform-origin:50% 50%;transform:scale(1) translate(0%,0%)}.layout_shop_modern .w-grid-item-h:focus-within .usg_vwrapper_1,.layout_shop_modern .w-grid-item-h:hover .usg_vwrapper_1{transform:scale(1) translate(0%,-2.4rem);opacity:1}.layout_shop_modern .usg_add_to_cart_1{transition-duration:0.3s;transform-origin:50% 50%;transform:scale(1) translate(0%,0%);opacity:0}.layout_shop_modern .w-grid-item-h:focus-within .usg_add_to_cart_1,.layout_shop_modern .w-grid-item-h:hover .usg_add_to_cart_1{transform:scale(1) translate(0%,0%);opacity:1}.layout_shop_modern .usg_product_field_1{color:#fff!important;font-size:12px!important;font-weight:700!important;text-transform:uppercase!important;position:absolute!important;top:10px!important;left:10px!important;padding-right:0.8rem!important;padding-left:0.8rem!important;border-radius:2rem!important;background:var(--color-content-primary)!important}.layout_shop_modern .usg_vwrapper_1{background:inherit!important;padding:1rem 1.2rem 1rem 1.2rem!important}.layout_shop_modern .usg_post_title_1{color:inherit!important;font-size:1rem!important;margin-bottom:0.3rem!important}.layout_shop_modern .usg_product_field_2{margin-bottom:0.3rem!important}.layout_shop_modern .usg_product_field_3{font-weight:700!important}.layout_shop_modern .usg_add_to_cart_1{font-size:0.8rem!important;width:100%!important;border-radius:0!important;position:absolute!important;right:0!important;bottom:0!important;left:0!important}<\/style><div class=\"w-grid-list\">\t<article class=\"w-grid-item size_1x1 post-396 product type-product status-publish has-post-thumbnail product_cat-sin-categorizar yith_booking_service-no-de-personas-esencia first instock virtual sold-individually purchasable product-type-booking\" data-id=\"396\">\r\n\t\t<div class=\"w-grid-item-h\">\r\n\t\t\t\t\t\t<div class=\"w-post-elm post_image usg_post_image_1 stretched\"><a href=\"https:\/\/nifty-aryabhata.5-250-184-183.plesk.page\/index.php\/producto\/experiencia-esencia\/\" aria-label=\"Experiencia Esencia\"><img loading=\"lazy\" decoding=\"async\" width=\"300\" height=\"300\" src=\"https:\/\/nifty-aryabhata.5-250-184-183.plesk.page\/wp-content\/uploads\/2026\/01\/9d3a81_1177695b02434507aa7f585c47ce4c4amv2-300x300.avif\" class=\"attachment-woocommerce_thumbnail size-woocommerce_thumbnail wp-post-image\" alt=\"\" srcset=\"https:\/\/nifty-aryabhata.5-250-184-183.plesk.page\/wp-content\/uploads\/2026\/01\/9d3a81_1177695b02434507aa7f585c47ce4c4amv2-300x300.avif 300w, https:\/\/nifty-aryabhata.5-250-184-183.plesk.page\/wp-content\/uploads\/2026\/01\/9d3a81_1177695b02434507aa7f585c47ce4c4amv2-150x150.avif 150w\" sizes=\"auto, (max-width: 300px) 100vw, 300px\" \/><\/a><\/div><div class=\"w-vwrapper usg_vwrapper_1 align_center valign_top\"><h2 class=\"w-post-elm post_title usg_post_title_1 has_text_color woocommerce-loop-product__title color_link_inherit\"><a href=\"https:\/\/nifty-aryabhata.5-250-184-183.plesk.page\/index.php\/producto\/experiencia-esencia\/\">Experiencia Esencia<\/a><\/h2><p class=\"w-post-elm product_field price usg_product_field_3\"><span class=\"woocommerce-Price-amount amount\"><bdi>35,00&nbsp;<span class=\"woocommerce-Price-currencySymbol\">&euro;<\/span><\/bdi><\/span><\/p><\/div><div class=\"w-btn-wrapper woocommerce usg_add_to_cart_1 has_border_radius has_font_size no_view_cart_link\"><a href=\"https:\/\/nifty-aryabhata.5-250-184-183.plesk.page\/index.php\/producto\/experiencia-esencia\/\" aria-describedby=\"woocommerce_loop_add_to_cart_link_describedby_396\" data-quantity=\"1\" class=\"button product_type_booking add_to_cart_button\" data-product_id=\"396\" data-product_sku=\"\" aria-label=\"Lee m\u00e1s sobre &ldquo;Experiencia Esencia&rdquo;\" rel=\"nofollow\"><i class=\"g-preloader type_1\"><\/i><span class=\"w-btn-label\">Leer m\u00e1s<\/span><\/a>\t<span id=\"woocommerce_loop_add_to_cart_link_describedby_396\" class=\"screen-reader-text\">\n\t\t\t<\/span>\n<\/div>\t\t<\/div>\r\n\t\t\t<\/article>\r\n\t<article class=\"w-grid-item size_1x1 post-402 product type-product status-publish has-post-thumbnail product_cat-sin-categorizar yith_booking_service-n-de-personas-1963  instock virtual sold-individually purchasable product-type-booking\" data-id=\"402\">\r\n\t\t<div class=\"w-grid-item-h\">\r\n\t\t\t\t\t\t<div class=\"w-post-elm post_image usg_post_image_1 stretched\"><a href=\"https:\/\/nifty-aryabhata.5-250-184-183.plesk.page\/index.php\/producto\/experiencia-1963\/\" aria-label=\"Experiencia 1963\"><img loading=\"lazy\" decoding=\"async\" width=\"300\" height=\"300\" src=\"https:\/\/nifty-aryabhata.5-250-184-183.plesk.page\/wp-content\/uploads\/2026\/01\/9d3a81_2d4eb9bfbb214725ba01f7b0cf307dd3mv2-300x300.avif\" class=\"attachment-woocommerce_thumbnail size-woocommerce_thumbnail wp-post-image\" alt=\"\" srcset=\"https:\/\/nifty-aryabhata.5-250-184-183.plesk.page\/wp-content\/uploads\/2026\/01\/9d3a81_2d4eb9bfbb214725ba01f7b0cf307dd3mv2-300x300.avif 300w, https:\/\/nifty-aryabhata.5-250-184-183.plesk.page\/wp-content\/uploads\/2026\/01\/9d3a81_2d4eb9bfbb214725ba01f7b0cf307dd3mv2-150x150.avif 150w\" sizes=\"auto, (max-width: 300px) 100vw, 300px\" \/><\/a><\/div><div class=\"w-vwrapper usg_vwrapper_1 align_center valign_top\"><h2 class=\"w-post-elm post_title usg_post_title_1 has_text_color woocommerce-loop-product__title color_link_inherit\"><a href=\"https:\/\/nifty-aryabhata.5-250-184-183.plesk.page\/index.php\/producto\/experiencia-1963\/\">Experiencia 1963<\/a><\/h2><p class=\"w-post-elm product_field price usg_product_field_3\"><span class=\"woocommerce-Price-amount amount\"><bdi>50,00&nbsp;<span class=\"woocommerce-Price-currencySymbol\">&euro;<\/span><\/bdi><\/span><\/p><\/div><div class=\"w-btn-wrapper woocommerce usg_add_to_cart_1 has_border_radius has_font_size no_view_cart_link\"><a href=\"https:\/\/nifty-aryabhata.5-250-184-183.plesk.page\/index.php\/producto\/experiencia-1963\/\" aria-describedby=\"woocommerce_loop_add_to_cart_link_describedby_402\" data-quantity=\"1\" class=\"button product_type_booking add_to_cart_button\" data-product_id=\"402\" data-product_sku=\"\" aria-label=\"Lee m\u00e1s sobre &ldquo;Experiencia 1963&rdquo;\" rel=\"nofollow\"><i class=\"g-preloader type_1\"><\/i><span class=\"w-btn-label\">Leer m\u00e1s<\/span><\/a>\t<span id=\"woocommerce_loop_add_to_cart_link_describedby_402\" class=\"screen-reader-text\">\n\t\t\t<\/span>\n<\/div>\t\t<\/div>\r\n\t\t\t<\/article>\r\n\t<article class=\"w-grid-item size_1x1 post-403 product type-product status-publish has-post-thumbnail product_cat-sin-categorizar yith_booking_service-no-de-personas-mar-y-montana last outofstock shipping-taxable purchasable product-type-simple\" data-id=\"403\">\r\n\t\t<div class=\"w-grid-item-h\">\r\n\t\t\t\t\t\t<div class=\"w-post-elm post_image usg_post_image_1 stretched\"><a href=\"https:\/\/nifty-aryabhata.5-250-184-183.plesk.page\/index.php\/producto\/experiencia-mar-y-montana\/\" aria-label=\"Experiencia Mar y Monta\u00f1a\"><img loading=\"lazy\" decoding=\"async\" width=\"300\" height=\"300\" src=\"https:\/\/nifty-aryabhata.5-250-184-183.plesk.page\/wp-content\/uploads\/2026\/01\/9d3a81_9b9ac149b8944b4e99cc87661fc7c43fmv2-300x300.avif\" class=\"attachment-woocommerce_thumbnail size-woocommerce_thumbnail wp-post-image\" alt=\"\" srcset=\"https:\/\/nifty-aryabhata.5-250-184-183.plesk.page\/wp-content\/uploads\/2026\/01\/9d3a81_9b9ac149b8944b4e99cc87661fc7c43fmv2-300x300.avif 300w, https:\/\/nifty-aryabhata.5-250-184-183.plesk.page\/wp-content\/uploads\/2026\/01\/9d3a81_9b9ac149b8944b4e99cc87661fc7c43fmv2-150x150.avif 150w\" sizes=\"auto, (max-width: 300px) 100vw, 300px\" \/><\/a><\/div><div class=\"w-vwrapper usg_vwrapper_1 align_center valign_top\"><h2 class=\"w-post-elm post_title usg_post_title_1 has_text_color woocommerce-loop-product__title color_link_inherit\"><a href=\"https:\/\/nifty-aryabhata.5-250-184-183.plesk.page\/index.php\/producto\/experiencia-mar-y-montana\/\">Experiencia Mar y Monta\u00f1a<\/a><\/h2><p class=\"w-post-elm product_field price usg_product_field_3\"><span class=\"woocommerce-Price-amount amount\"><bdi>75,00&nbsp;<span class=\"woocommerce-Price-currencySymbol\">&euro;<\/span><\/bdi><\/span><\/p><\/div><div class=\"w-btn-wrapper woocommerce usg_add_to_cart_1 has_border_radius has_font_size no_view_cart_link\"><a href=\"https:\/\/nifty-aryabhata.5-250-184-183.plesk.page\/index.php\/producto\/experiencia-mar-y-montana\/\" aria-describedby=\"woocommerce_loop_add_to_cart_link_describedby_403\" data-quantity=\"1\" class=\"button product_type_simple\" data-product_id=\"403\" data-product_sku=\"\" aria-label=\"Lee m\u00e1s sobre &ldquo;Experiencia Mar y Monta\u00f1a&rdquo;\" rel=\"nofollow\" data-success_message=\"\"><i class=\"g-preloader type_1\"><\/i><span class=\"w-btn-label\">Leer m\u00e1s<\/span><\/a>\t<span id=\"woocommerce_loop_add_to_cart_link_describedby_403\" class=\"screen-reader-text\">\n\t\t\t<\/span>\n<\/div>\t\t<\/div>\r\n\t\t\t<\/article>\r\n<\/div><div class=\"g-loadmore hidden\"><div class=\"g-preloader type_1\"><div><\/div><\/div><\/div><div class=\"w-grid-list-json hidden\" onclick='return {&quot;max_num_pages&quot;:0,&quot;paginationBase&quot;:&quot;page&quot;,&quot;pagination&quot;:&quot;none&quot;,&quot;paged&quot;:1,&quot;ajaxData&quot;:{&quot;action&quot;:&quot;us_ajax_product_list&quot;,&quot;meta_type&quot;:&quot;post&quot;,&quot;object_id&quot;:0,&quot;template_vars&quot;:{&quot;shortcode_base&quot;:&quot;us_product_list&quot;,&quot;paged&quot;:1,&quot;max_num_pages&quot;:0,&quot;no_results&quot;:false,&quot;is_product_list&quot;:true,&quot;found_posts&quot;:0,&quot;items_count&quot;:3,&quot;source&quot;:&quot;all&quot;,&quot;ids&quot;:&quot;&quot;,&quot;apply_url_params&quot;:0,&quot;onsale_only&quot;:0,&quot;featured_only&quot;:0,&quot;exclude_out_of_stock&quot;:0,&quot;exclude_hidden&quot;:1,&quot;exclude_current_product&quot;:1,&quot;exclude_prev_posts&quot;:0,&quot;enable_items_offset&quot;:0,&quot;items_offset&quot;:&quot;1&quot;,&quot;price_compare&quot;:&quot;none&quot;,&quot;price&quot;:&quot;99.99&quot;,&quot;price_max&quot;:&quot;299.99&quot;,&quot;tax_query_relation&quot;:&quot;none&quot;,&quot;tax_query&quot;:[{&quot;operator&quot;:&quot;IN&quot;,&quot;taxonomy&quot;:&quot;product_cat&quot;,&quot;terms&quot;:&quot;&quot;,&quot;include_children&quot;:0}],&quot;meta_query_relation&quot;:&quot;none&quot;,&quot;meta_query&quot;:[{&quot;key&quot;:&quot;custom_field_name&quot;,&quot;compare&quot;:&quot;=&quot;,&quot;value&quot;:&quot;&quot;}],&quot;orderby&quot;:&quot;date&quot;,&quot;orderby_custom_field&quot;:&quot;&quot;,&quot;orderby_custom_type&quot;:0,&quot;order_invert&quot;:0,&quot;show_all&quot;:0,&quot;quantity&quot;:&quot;12&quot;,&quot;posts_per_archive_page&quot;:0,&quot;no_items_action&quot;:&quot;message&quot;,&quot;no_items_message&quot;:&quot;No se han encontrado resultados.&quot;,&quot;no_items_page_block&quot;:&quot;&quot;,&quot;pagination&quot;:&quot;none&quot;,&quot;pagination_style&quot;:&quot;&quot;,&quot;pagination_btn_text&quot;:&quot;Cargar m\\u00e1s&quot;,&quot;pagination_btn_size&quot;:&quot;&quot;,&quot;pagination_btn_style&quot;:&quot;1&quot;,&quot;pagination_btn_fullwidth&quot;:0,&quot;items_layout&quot;:&quot;shop_modern&quot;,&quot;type&quot;:&quot;grid&quot;,&quot;items_valign&quot;:0,&quot;ignore_items_size&quot;:0,&quot;columns&quot;:&quot;3&quot;,&quot;items_gap&quot;:&quot;1.5rem&quot;,&quot;load_animation&quot;:&quot;none&quot;,&quot;items_preload_style&quot;:&quot;spinner&quot;,&quot;img_size&quot;:&quot;default&quot;,&quot;title_size&quot;:&quot;&quot;,&quot;items_ratio&quot;:&quot;default&quot;,&quot;items_ratio_width&quot;:&quot;21&quot;,&quot;items_ratio_height&quot;:&quot;9&quot;,&quot;overriding_link&quot;:&quot;%7B%22url%22%3A%22%22%7D&quot;,&quot;popup_page_template&quot;:&quot;0&quot;,&quot;popup_width&quot;:&quot;&quot;,&quot;popup_arrows&quot;:1,&quot;breakpoint_1_width&quot;:&quot;1381px&quot;,&quot;breakpoint_1_cols&quot;:&quot;default&quot;,&quot;breakpoint_1_quantity&quot;:&quot;&quot;,&quot;breakpoint_1_gap&quot;:&quot;&quot;,&quot;breakpoint_2_width&quot;:&quot;1025px&quot;,&quot;breakpoint_2_cols&quot;:&quot;2&quot;,&quot;breakpoint_2_quantity&quot;:&quot;&quot;,&quot;breakpoint_2_gap&quot;:&quot;&quot;,&quot;breakpoint_3_width&quot;:&quot;601px&quot;,&quot;breakpoint_3_cols&quot;:&quot;1&quot;,&quot;breakpoint_3_quantity&quot;:&quot;&quot;,&quot;breakpoint_3_gap&quot;:&quot;&quot;,&quot;conditions_operator&quot;:&quot;always&quot;,&quot;conditions&quot;:[],&quot;css&quot;:null,&quot;el_class&quot;:&quot;&quot;,&quot;el_id&quot;:&quot;&quot;,&quot;enable_custom_html_atts&quot;:0,&quot;custom_html_atts&quot;:null,&quot;hide_on_states&quot;:&quot;&quot;,&quot;hide_for_sticky&quot;:0,&quot;hide_for_not_sticky&quot;:0,&quot;hide_below&quot;:&quot;0px&quot;,&quot;hide_above&quot;:&quot;0px&quot;,&quot;classes&quot;:&quot;&quot;}},&quot;facetedFilter&quot;:[]}'><\/div><\/div><\/div><\/div><\/div><\/div><\/section>\n","protected":false},"excerpt":{"rendered":"Rellena este campo Por favor, introduce una direcci\u00f3n de correo electr\u00f3nico v\u00e1lida. Rellena este campo Solicitar Informaci\u00f3n","protected":false},"author":1,"featured_media":0,"parent":0,"menu_order":0,"comment_status":"closed","ping_status":"closed","template":"","meta":{"footnotes":""},"class_list":["post-99","page","type-page","status-publish","hentry"],"_links":{"self":[{"href":"https:\/\/nifty-aryabhata.5-250-184-183.plesk.page\/index.php\/wp-json\/wp\/v2\/pages\/99","targetHints":{"allow":["GET"]}}],"collection":[{"href":"https:\/\/nifty-aryabhata.5-250-184-183.plesk.page\/index.php\/wp-json\/wp\/v2\/pages"}],"about":[{"href":"https:\/\/nifty-aryabhata.5-250-184-183.plesk.page\/index.php\/wp-json\/wp\/v2\/types\/page"}],"author":[{"embeddable":true,"href":"https:\/\/nifty-aryabhata.5-250-184-183.plesk.page\/index.php\/wp-json\/wp\/v2\/users\/1"}],"replies":[{"embeddable":true,"href":"https:\/\/nifty-aryabhata.5-250-184-183.plesk.page\/index.php\/wp-json\/wp\/v2\/comments?post=99"}],"version-history":[{"count":7,"href":"https:\/\/nifty-aryabhata.5-250-184-183.plesk.page\/index.php\/wp-json\/wp\/v2\/pages\/99\/revisions"}],"predecessor-version":[{"id":407,"href":"https:\/\/nifty-aryabhata.5-250-184-183.plesk.page\/index.php\/wp-json\/wp\/v2\/pages\/99\/revisions\/407"}],"wp:attachment":[{"href":"https:\/\/nifty-aryabhata.5-250-184-183.plesk.page\/index.php\/wp-json\/wp\/v2\/media?parent=99"}],"curies":[{"name":"wp","href":"https:\/\/api.w.org\/{rel}","templated":true}]}}